{"id":1360,"date":"2022-02-28T16:06:33","date_gmt":"2022-02-28T15:06:33","guid":{"rendered":"https:\/\/watertaxihoorn.nl\/uber-uns\/"},"modified":"2023-02-22T15:00:59","modified_gmt":"2023-02-22T14:00:59","slug":"uber-uns","status":"publish","type":"page","link":"https:\/\/watertaxihoorn.nl\/de\/uber-uns\/","title":{"rendered":"\u00dcber uns"},"content":{"rendered":"\t\t<div data-elementor-type=\"wp-page\" data-elementor-id=\"1360\" class=\"elementor elementor-1360 elementor-11\" data-elementor-post-type=\"page\">\n\t\t\t\t\t\t<section class=\"elementor-section elementor-top-section elementor-element elementor-element-74d09888 elementor-section-boxed elementor-section-height-default elementor-section-height-default\" data-id=\"74d09888\" data-element_type=\"section\">\n\t\t\t\t\t\t<div class=\"elementor-container elementor-column-gap-default\">\n\t\t\t\t\t<div class=\"elementor-column elementor-col-100 elementor-top-column elementor-element elementor-element-65b6350a\" data-id=\"65b6350a\" data-element_type=\"column\">\n\t\t\t<div class=\"elementor-widget-wrap elementor-element-populated\">\n\t\t\t\t\t\t<div class=\"elementor-element elementor-element-c0bb142 elementor-widget elementor-widget-heading\" data-id=\"c0bb142\" data-element_type=\"widget\" data-widget_type=\"heading.default\">\n\t\t\t\t<div class=\"elementor-widget-container\">\n\t\t\t\t\t<h1 class=\"elementor-heading-title elementor-size-default\">\u00dcber uns<\/h1>\t\t\t\t<\/div>\n\t\t\t\t<\/div>\n\t\t\t\t\t<\/div>\n\t\t<\/div>\n\t\t\t\t\t<\/div>\n\t\t<\/section>\n\t\t\t\t<section class=\"elementor-section elementor-top-section elementor-element elementor-element-e9f49c1 elementor-section-boxed elementor-section-height-default elementor-section-height-default\" data-id=\"e9f49c1\" data-element_type=\"section\">\n\t\t\t\t\t\t<div class=\"elementor-container elementor-column-gap-default\">\n\t\t\t\t\t<div class=\"elementor-column elementor-col-50 elementor-top-column elementor-element elementor-element-33e98d7\" data-id=\"33e98d7\" data-element_type=\"column\">\n\t\t\t<div class=\"elementor-widget-wrap elementor-element-populated\">\n\t\t\t\t\t\t<div class=\"elementor-element elementor-element-e453f51 elementor-widget elementor-widget-text-editor\" data-id=\"e453f51\" data-element_type=\"widget\" data-widget_type=\"text-editor.default\">\n\t\t\t\t<div class=\"elementor-widget-container\">\n\t\t\t\t\t\t\t\t\t<p><\/p>\n<p><strong>Seit 11 Jahren segeln Bram Nijenhuis und das fantastische Team von Freiwilligen durch Hoorn. Mit dem Wassertaxi bef\u00f6rdern wir Menschen von einer Seite der Stadt zur anderen. Unser Ziel? Das Stadtzentrum von Hoorn soll sch\u00f6ner werden.<\/strong><\/p>\n<p>Im Jahr 2011 wurde Oostereiland als Kulturinsel eingeweiht. Wir haben dann idealistisch angefangen, als uns jemand fragte, ob wir Besucher auf die Insel segeln w\u00fcrden.<\/p>\n<p> <\/p>\n<p>Angefangen haben wir als Wassertaxi. Den Leuten gefiel es so gut, dass sie fragten, ob wir nicht l\u00e4nger segeln k\u00f6nnten.&#8216;<\/p>\n<p>Seitdem ist bei &#8218;Watertaxi Hoorn&#8216; nicht nur das Rollen m\u00f6glich. So haben wir auch angefangen, Touren zu machen. Hier arbeitet das Wassertaxi mit verschiedenen Museen und Restaurants zusammen und macht es zu einem Tagesausflug.<\/p>\n<p> <\/p>\n<p>F\u00fcr l\u00e4ngere Rundfahrten wurde der klassische Bakdekker hinzugef\u00fcgt, und das Fl\u00fcsterboot kann f\u00fcr bis zu acht Personen gemietet werden.<\/p>\n<p><\/p>\t\t\t\t\t\t\t\t<\/div>\n\t\t\t\t<\/div>\n\t\t\t\t\t<\/div>\n\t\t<\/div>\n\t\t\t\t<div class=\"elementor-column elementor-col-50 elementor-top-column elementor-element elementor-element-77779a0\" data-id=\"77779a0\" data-element_type=\"column\">\n\t\t\t<div class=\"elementor-widget-wrap elementor-element-populated\">\n\t\t\t\t\t\t<div class=\"elementor-element elementor-element-db1d2ab elementor-widget elementor-widget-video\" data-id=\"db1d2ab\" data-element_type=\"widget\" data-settings=\"{&quot;youtube_url&quot;:&quot;https:\\\/\\\/youtu.be\\\/bjJSW0PLvCM&quot;,&quot;video_type&quot;:&quot;youtube&quot;,&quot;controls&quot;:&quot;yes&quot;}\" data-widget_type=\"video.default\">\n\t\t\t\t<div class=\"elementor-widget-container\">\n\t\t\t\t\t\t\t<div class=\"elementor-wrapper elementor-open-inline\">\n\t\t\t<div class=\"elementor-video\"><\/div>\t\t<\/div>\n\t\t\t\t\t\t<\/div>\n\t\t\t\t<\/div>\n\t\t\t\t<div class=\"elementor-element elementor-element-8d55045 elementor-widget elementor-widget-video\" data-id=\"8d55045\" data-element_type=\"widget\" data-settings=\"{&quot;youtube_url&quot;:&quot;https:\\\/\\\/youtu.be\\\/kw9a58aPPBs&quot;,&quot;video_type&quot;:&quot;youtube&quot;,&quot;controls&quot;:&quot;yes&quot;}\" data-widget_type=\"video.default\">\n\t\t\t\t<div class=\"elementor-widget-container\">\n\t\t\t\t\t\t\t<div class=\"elementor-wrapper elementor-open-inline\">\n\t\t\t<div class=\"elementor-video\"><\/div>\t\t<\/div>\n\t\t\t\t\t\t<\/div>\n\t\t\t\t<\/div>\n\t\t\t\t\t<\/div>\n\t\t<\/div>\n\t\t\t\t\t<\/div>\n\t\t<\/section>\n\t\t\t\t<\/div>\n\t\t","protected":false},"excerpt":{"rendered":"<p>Seit 11 Jahren segeln Bram Nijenhuis und das fantastische Team von Freiwilligen durch Hoorn. Mit dem Wassertaxi bef\u00f6rdern wir Menschen von einer Seite der Stadt zur anderen. Unser Ziel? Das Stadtzentrum von Hoorn soll sch\u00f6ner werden. Im Jahr 2011 wurde Oostereiland als Kulturinsel eingeweiht. Wir haben dann idealistisch angefangen, als uns jemand fragte, ob wir&hellip; <a class=\"more-link\" href=\"https:\/\/watertaxihoorn.nl\/de\/uber-uns\/\"><span class=\"screen-reader-text\">\u00dcber uns<\/span> weiterlesen<\/a><\/p>\n","protected":false},"author":1,"featured_media":0,"parent":0,"menu_order":0,"comment_status":"closed","ping_status":"closed","template":"elementor_header_footer","meta":{"footnotes":""},"class_list":["post-1360","page","type-page","status-publish","hentry","entry"],"yoast_head":"<!-- This site is optimized with the Yoast SEO plugin v26.5 - https:\/\/yoast.com\/wordpress\/plugins\/seo\/ -->\n<title>\u00dcber uns - Watertaxi Hoorn<\/title>\n<meta name=\"robots\" content=\"index, follow, max-snippet:-1, max-image-preview:large, max-video-preview:-1\" \/>\n<link rel=\"canonical\" href=\"https:\/\/watertaxihoorn.nl\/de\/uber-uns\/\" \/>\n<meta property=\"og:locale\" content=\"de_DE\" \/>\n<meta property=\"og:type\" content=\"article\" \/>\n<meta property=\"og:title\" content=\"\u00dcber uns - Watertaxi Hoorn\" \/>\n<meta property=\"og:description\" content=\"Seit 11 Jahren segeln Bram Nijenhuis und das fantastische Team von Freiwilligen durch Hoorn. Mit dem Wassertaxi bef\u00f6rdern wir Menschen von einer Seite der Stadt zur anderen. Unser Ziel? Das Stadtzentrum von Hoorn soll sch\u00f6ner werden. Im Jahr 2011 wurde Oostereiland als Kulturinsel eingeweiht. Wir haben dann idealistisch angefangen, als uns jemand fragte, ob wir&hellip; \u00dcber uns weiterlesen\" \/>\n<meta property=\"og:url\" content=\"https:\/\/watertaxihoorn.nl\/de\/uber-uns\/\" \/>\n<meta property=\"og:site_name\" content=\"Watertaxi Hoorn\" \/>\n<meta property=\"article:publisher\" content=\"https:\/\/www.facebook.com\/rondvaarten\" \/>\n<meta property=\"article:modified_time\" content=\"2023-02-22T14:00:59+00:00\" \/>\n<meta property=\"og:image\" content=\"https:\/\/watertaxihoorn.nl\/wp-content\/uploads\/Rondvaart-Hoorn-1-scaled.jpg\" \/>\n\t<meta property=\"og:image:width\" content=\"2560\" \/>\n\t<meta property=\"og:image:height\" content=\"1707\" \/>\n\t<meta property=\"og:image:type\" content=\"image\/jpeg\" \/>\n<meta name=\"twitter:card\" content=\"summary_large_image\" \/>\n<meta name=\"twitter:label1\" content=\"Gesch\u00e4tzte Lesezeit\" \/>\n\t<meta name=\"twitter:data1\" content=\"1\u00a0Minute\" \/>\n<script type=\"application\/ld+json\" class=\"yoast-schema-graph\">{\"@context\":\"https:\/\/schema.org\",\"@graph\":[{\"@type\":\"WebPage\",\"@id\":\"https:\/\/watertaxihoorn.nl\/de\/uber-uns\/\",\"url\":\"https:\/\/watertaxihoorn.nl\/de\/uber-uns\/\",\"name\":\"\u00dcber uns - Watertaxi Hoorn\",\"isPartOf\":{\"@id\":\"https:\/\/watertaxihoorn.nl\/de\/#website\"},\"datePublished\":\"2022-02-28T15:06:33+00:00\",\"dateModified\":\"2023-02-22T14:00:59+00:00\",\"breadcrumb\":{\"@id\":\"https:\/\/watertaxihoorn.nl\/de\/uber-uns\/#breadcrumb\"},\"inLanguage\":\"de\",\"potentialAction\":[{\"@type\":\"ReadAction\",\"target\":[\"https:\/\/watertaxihoorn.nl\/de\/uber-uns\/\"]}]},{\"@type\":\"BreadcrumbList\",\"@id\":\"https:\/\/watertaxihoorn.nl\/de\/uber-uns\/#breadcrumb\",\"itemListElement\":[{\"@type\":\"ListItem\",\"position\":1,\"name\":\"Home\",\"item\":\"https:\/\/watertaxihoorn.nl\/de\/wassertaxi-hoorn\/\"},{\"@type\":\"ListItem\",\"position\":2,\"name\":\"\u00dcber uns\"}]},{\"@type\":\"WebSite\",\"@id\":\"https:\/\/watertaxihoorn.nl\/de\/#website\",\"url\":\"https:\/\/watertaxihoorn.nl\/de\/\",\"name\":\"Watertaxi Hoorn\",\"description\":\"De leukste rondvaart in Hoorn maak je met Watertaxi Hoorn!\",\"publisher\":{\"@id\":\"https:\/\/watertaxihoorn.nl\/de\/#organization\"},\"alternateName\":\"Rondvaart Hoorn\",\"potentialAction\":[{\"@type\":\"SearchAction\",\"target\":{\"@type\":\"EntryPoint\",\"urlTemplate\":\"https:\/\/watertaxihoorn.nl\/de\/?s={search_term_string}\"},\"query-input\":{\"@type\":\"PropertyValueSpecification\",\"valueRequired\":true,\"valueName\":\"search_term_string\"}}],\"inLanguage\":\"de\"},{\"@type\":\"Organization\",\"@id\":\"https:\/\/watertaxihoorn.nl\/de\/#organization\",\"name\":\"Watertaxi Hoorn\",\"url\":\"https:\/\/watertaxihoorn.nl\/de\/\",\"logo\":{\"@type\":\"ImageObject\",\"inLanguage\":\"de\",\"@id\":\"https:\/\/watertaxihoorn.nl\/de\/#\/schema\/logo\/image\/\",\"url\":\"https:\/\/watertaxihoorn.nl\/wp-content\/uploads\/watertaxihoorn.png\",\"contentUrl\":\"https:\/\/watertaxihoorn.nl\/wp-content\/uploads\/watertaxihoorn.png\",\"width\":112,\"height\":100,\"caption\":\"Watertaxi Hoorn\"},\"image\":{\"@id\":\"https:\/\/watertaxihoorn.nl\/de\/#\/schema\/logo\/image\/\"},\"sameAs\":[\"https:\/\/www.facebook.com\/rondvaarten\"]}]}<\/script>\n<!-- \/ Yoast SEO plugin. -->","yoast_head_json":{"title":"\u00dcber uns - Watertaxi Hoorn","robots":{"index":"index","follow":"follow","max-snippet":"max-snippet:-1","max-image-preview":"max-image-preview:large","max-video-preview":"max-video-preview:-1"},"canonical":"https:\/\/watertaxihoorn.nl\/de\/uber-uns\/","og_locale":"de_DE","og_type":"article","og_title":"\u00dcber uns - Watertaxi Hoorn","og_description":"Seit 11 Jahren segeln Bram Nijenhuis und das fantastische Team von Freiwilligen durch Hoorn. Mit dem Wassertaxi bef\u00f6rdern wir Menschen von einer Seite der Stadt zur anderen. Unser Ziel? Das Stadtzentrum von Hoorn soll sch\u00f6ner werden. Im Jahr 2011 wurde Oostereiland als Kulturinsel eingeweiht. Wir haben dann idealistisch angefangen, als uns jemand fragte, ob wir&hellip; \u00dcber uns weiterlesen","og_url":"https:\/\/watertaxihoorn.nl\/de\/uber-uns\/","og_site_name":"Watertaxi Hoorn","article_publisher":"https:\/\/www.facebook.com\/rondvaarten","article_modified_time":"2023-02-22T14:00:59+00:00","og_image":[{"width":2560,"height":1707,"url":"https:\/\/watertaxihoorn.nl\/wp-content\/uploads\/Rondvaart-Hoorn-1-scaled.jpg","type":"image\/jpeg"}],"twitter_card":"summary_large_image","twitter_misc":{"Gesch\u00e4tzte Lesezeit":"1\u00a0Minute"},"schema":{"@context":"https:\/\/schema.org","@graph":[{"@type":"WebPage","@id":"https:\/\/watertaxihoorn.nl\/de\/uber-uns\/","url":"https:\/\/watertaxihoorn.nl\/de\/uber-uns\/","name":"\u00dcber uns - Watertaxi Hoorn","isPartOf":{"@id":"https:\/\/watertaxihoorn.nl\/de\/#website"},"datePublished":"2022-02-28T15:06:33+00:00","dateModified":"2023-02-22T14:00:59+00:00","breadcrumb":{"@id":"https:\/\/watertaxihoorn.nl\/de\/uber-uns\/#breadcrumb"},"inLanguage":"de","potentialAction":[{"@type":"ReadAction","target":["https:\/\/watertaxihoorn.nl\/de\/uber-uns\/"]}]},{"@type":"BreadcrumbList","@id":"https:\/\/watertaxihoorn.nl\/de\/uber-uns\/#breadcrumb","itemListElement":[{"@type":"ListItem","position":1,"name":"Home","item":"https:\/\/watertaxihoorn.nl\/de\/wassertaxi-hoorn\/"},{"@type":"ListItem","position":2,"name":"\u00dcber uns"}]},{"@type":"WebSite","@id":"https:\/\/watertaxihoorn.nl\/de\/#website","url":"https:\/\/watertaxihoorn.nl\/de\/","name":"Watertaxi Hoorn","description":"De leukste rondvaart in Hoorn maak je met Watertaxi Hoorn!","publisher":{"@id":"https:\/\/watertaxihoorn.nl\/de\/#organization"},"alternateName":"Rondvaart Hoorn","potentialAction":[{"@type":"SearchAction","target":{"@type":"EntryPoint","urlTemplate":"https:\/\/watertaxihoorn.nl\/de\/?s={search_term_string}"},"query-input":{"@type":"PropertyValueSpecification","valueRequired":true,"valueName":"search_term_string"}}],"inLanguage":"de"},{"@type":"Organization","@id":"https:\/\/watertaxihoorn.nl\/de\/#organization","name":"Watertaxi Hoorn","url":"https:\/\/watertaxihoorn.nl\/de\/","logo":{"@type":"ImageObject","inLanguage":"de","@id":"https:\/\/watertaxihoorn.nl\/de\/#\/schema\/logo\/image\/","url":"https:\/\/watertaxihoorn.nl\/wp-content\/uploads\/watertaxihoorn.png","contentUrl":"https:\/\/watertaxihoorn.nl\/wp-content\/uploads\/watertaxihoorn.png","width":112,"height":100,"caption":"Watertaxi Hoorn"},"image":{"@id":"https:\/\/watertaxihoorn.nl\/de\/#\/schema\/logo\/image\/"},"sameAs":["https:\/\/www.facebook.com\/rondvaarten"]}]}},"_links":{"self":[{"href":"https:\/\/watertaxihoorn.nl\/de\/wp-json\/wp\/v2\/pages\/1360","targetHints":{"allow":["GET"]}}],"collection":[{"href":"https:\/\/watertaxihoorn.nl\/de\/wp-json\/wp\/v2\/pages"}],"about":[{"href":"https:\/\/watertaxihoorn.nl\/de\/wp-json\/wp\/v2\/types\/page"}],"author":[{"embeddable":true,"href":"https:\/\/watertaxihoorn.nl\/de\/wp-json\/wp\/v2\/users\/1"}],"replies":[{"embeddable":true,"href":"https:\/\/watertaxihoorn.nl\/de\/wp-json\/wp\/v2\/comments?post=1360"}],"version-history":[{"count":0,"href":"https:\/\/watertaxihoorn.nl\/de\/wp-json\/wp\/v2\/pages\/1360\/revisions"}],"wp:attachment":[{"href":"https:\/\/watertaxihoorn.nl\/de\/wp-json\/wp\/v2\/media?parent=1360"}],"curies":[{"name":"wp","href":"https:\/\/api.w.org\/{rel}","templated":true}]}}