{"id":1366,"date":"2022-04-22T10:57:16","date_gmt":"2022-04-22T08:57:16","guid":{"rendered":"https:\/\/watertaxihoorn.nl\/danke\/"},"modified":"2025-01-30T13:11:44","modified_gmt":"2025-01-30T12:11:44","slug":"danke","status":"publish","type":"page","link":"https:\/\/watertaxihoorn.nl\/de\/danke\/","title":{"rendered":"Danke"},"content":{"rendered":"\t\t<div data-elementor-type=\"wp-page\" data-elementor-id=\"1366\" class=\"elementor elementor-1366 elementor-513\" data-elementor-post-type=\"page\">\n\t\t\t\t\t\t<section class=\"elementor-section elementor-top-section elementor-element elementor-element-4250302 elementor-section-boxed elementor-section-height-default elementor-section-height-default\" data-id=\"4250302\" data-element_type=\"section\">\n\t\t\t\t\t\t<div class=\"elementor-container elementor-column-gap-default\">\n\t\t\t\t\t<div class=\"elementor-column elementor-col-100 elementor-top-column elementor-element elementor-element-9d13445\" data-id=\"9d13445\" data-element_type=\"column\">\n\t\t\t<div class=\"elementor-widget-wrap elementor-element-populated\">\n\t\t\t\t\t\t<div class=\"elementor-element elementor-element-2effce3 elementor-widget elementor-widget-heading\" data-id=\"2effce3\" data-element_type=\"widget\" data-widget_type=\"heading.default\">\n\t\t\t\t<div class=\"elementor-widget-container\">\n\t\t\t\t\t<h1 class=\"elementor-heading-title elementor-size-default\">Vielen Dank f\u00fcr Ihre Reservierung!  <\/h1>\t\t\t\t<\/div>\n\t\t\t\t<\/div>\n\t\t\t\t\t<\/div>\n\t\t<\/div>\n\t\t\t\t\t<\/div>\n\t\t<\/section>\n\t\t\t\t<section class=\"elementor-section elementor-top-section elementor-element elementor-element-76f0958 elementor-section-boxed elementor-section-height-default elementor-section-height-default\" data-id=\"76f0958\" data-element_type=\"section\">\n\t\t\t\t\t\t<div class=\"elementor-container elementor-column-gap-default\">\n\t\t\t\t\t<div class=\"elementor-column elementor-col-100 elementor-top-column elementor-element elementor-element-302f2df\" data-id=\"302f2df\" data-element_type=\"column\">\n\t\t\t<div class=\"elementor-widget-wrap elementor-element-populated\">\n\t\t\t\t\t\t<div class=\"elementor-element elementor-element-02164ed elementor-widget elementor-widget-text-editor\" data-id=\"02164ed\" data-element_type=\"widget\" data-widget_type=\"text-editor.default\">\n\t\t\t\t<div class=\"elementor-widget-container\">\n\t\t\t\t\t\t\t\t\t<p>Wir freuen uns schon darauf, Ihnen und Ihren G\u00e4sten ein sch\u00f6nes Erlebnis auf dem Wasser zu bereiten!<\/p>\n<p>Wenn Sie f\u00fcr einen Tag reservieren m\u00f6chten, rufen Sie bitte an.<\/p>\n<p>Die Reservierung ist best\u00e4tigt, wenn Sie eine E-Mail von uns erhalten haben.<\/p>\n\t\t\t\t\t\t\t\t<\/div>\n\t\t\t\t<\/div>\n\t\t\t\t\t<\/div>\n\t\t<\/div>\n\t\t\t\t\t<\/div>\n\t\t<\/section>\n\t\t\t\t<\/div>\n\t\t","protected":false},"excerpt":{"rendered":"<p>Vielen Dank f\u00fcr Ihre Reservierung! Wir freuen uns schon darauf, Ihnen und Ihren G\u00e4sten ein sch\u00f6nes Erlebnis auf dem Wasser zu bereiten! Wenn Sie f\u00fcr einen Tag reservieren m\u00f6chten, rufen Sie bitte an. Die Reservierung ist best\u00e4tigt, wenn Sie eine E-Mail von uns erhalten haben.<\/p>\n","protected":false},"author":1,"featured_media":0,"parent":0,"menu_order":0,"comment_status":"closed","ping_status":"closed","template":"elementor_header_footer","meta":{"footnotes":""},"class_list":["post-1366","page","type-page","status-publish","hentry","entry"],"yoast_head":"<!-- This site is optimized with the Yoast SEO plugin v26.5 - https:\/\/yoast.com\/wordpress\/plugins\/seo\/ -->\n<title>Danke - Watertaxi Hoorn<\/title>\n<meta name=\"robots\" content=\"noindex, follow\" \/>\n<meta property=\"og:locale\" content=\"de_DE\" \/>\n<meta property=\"og:type\" content=\"article\" \/>\n<meta property=\"og:title\" content=\"Danke - Watertaxi Hoorn\" \/>\n<meta property=\"og:description\" content=\"Vielen Dank f\u00fcr Ihre Reservierung! Wir freuen uns schon darauf, Ihnen und Ihren G\u00e4sten ein sch\u00f6nes Erlebnis auf dem Wasser zu bereiten! Wenn Sie f\u00fcr einen Tag reservieren m\u00f6chten, rufen Sie bitte an. Die Reservierung ist best\u00e4tigt, wenn Sie eine E-Mail von uns erhalten haben.\" \/>\n<meta property=\"og:url\" content=\"https:\/\/watertaxihoorn.nl\/de\/danke\/\" \/>\n<meta property=\"og:site_name\" content=\"Watertaxi Hoorn\" \/>\n<meta property=\"article:publisher\" content=\"https:\/\/www.facebook.com\/rondvaarten\" \/>\n<meta property=\"article:modified_time\" content=\"2025-01-30T12:11:44+00:00\" \/>\n<meta property=\"og:image\" content=\"https:\/\/watertaxihoorn.nl\/wp-content\/uploads\/Rondvaart-Hoorn-1-scaled.jpg\" \/>\n\t<meta property=\"og:image:width\" content=\"2560\" \/>\n\t<meta property=\"og:image:height\" content=\"1707\" \/>\n\t<meta property=\"og:image:type\" content=\"image\/jpeg\" \/>\n<meta name=\"twitter:card\" content=\"summary_large_image\" \/>\n<script type=\"application\/ld+json\" class=\"yoast-schema-graph\">{\"@context\":\"https:\/\/schema.org\",\"@graph\":[{\"@type\":\"WebPage\",\"@id\":\"https:\/\/watertaxihoorn.nl\/de\/danke\/\",\"url\":\"https:\/\/watertaxihoorn.nl\/de\/danke\/\",\"name\":\"Danke - Watertaxi Hoorn\",\"isPartOf\":{\"@id\":\"https:\/\/watertaxihoorn.nl\/de\/#website\"},\"datePublished\":\"2022-04-22T08:57:16+00:00\",\"dateModified\":\"2025-01-30T12:11:44+00:00\",\"breadcrumb\":{\"@id\":\"https:\/\/watertaxihoorn.nl\/de\/danke\/#breadcrumb\"},\"inLanguage\":\"de\",\"potentialAction\":[{\"@type\":\"ReadAction\",\"target\":[\"https:\/\/watertaxihoorn.nl\/de\/danke\/\"]}]},{\"@type\":\"BreadcrumbList\",\"@id\":\"https:\/\/watertaxihoorn.nl\/de\/danke\/#breadcrumb\",\"itemListElement\":[{\"@type\":\"ListItem\",\"position\":1,\"name\":\"Home\",\"item\":\"https:\/\/watertaxihoorn.nl\/de\/wassertaxi-hoorn\/\"},{\"@type\":\"ListItem\",\"position\":2,\"name\":\"Danke\"}]},{\"@type\":\"WebSite\",\"@id\":\"https:\/\/watertaxihoorn.nl\/de\/#website\",\"url\":\"https:\/\/watertaxihoorn.nl\/de\/\",\"name\":\"Watertaxi Hoorn\",\"description\":\"De leukste rondvaart in Hoorn maak je met Watertaxi Hoorn!\",\"publisher\":{\"@id\":\"https:\/\/watertaxihoorn.nl\/de\/#organization\"},\"alternateName\":\"Rondvaart Hoorn\",\"potentialAction\":[{\"@type\":\"SearchAction\",\"target\":{\"@type\":\"EntryPoint\",\"urlTemplate\":\"https:\/\/watertaxihoorn.nl\/de\/?s={search_term_string}\"},\"query-input\":{\"@type\":\"PropertyValueSpecification\",\"valueRequired\":true,\"valueName\":\"search_term_string\"}}],\"inLanguage\":\"de\"},{\"@type\":\"Organization\",\"@id\":\"https:\/\/watertaxihoorn.nl\/de\/#organization\",\"name\":\"Watertaxi Hoorn\",\"url\":\"https:\/\/watertaxihoorn.nl\/de\/\",\"logo\":{\"@type\":\"ImageObject\",\"inLanguage\":\"de\",\"@id\":\"https:\/\/watertaxihoorn.nl\/de\/#\/schema\/logo\/image\/\",\"url\":\"https:\/\/watertaxihoorn.nl\/wp-content\/uploads\/watertaxihoorn.png\",\"contentUrl\":\"https:\/\/watertaxihoorn.nl\/wp-content\/uploads\/watertaxihoorn.png\",\"width\":112,\"height\":100,\"caption\":\"Watertaxi Hoorn\"},\"image\":{\"@id\":\"https:\/\/watertaxihoorn.nl\/de\/#\/schema\/logo\/image\/\"},\"sameAs\":[\"https:\/\/www.facebook.com\/rondvaarten\"]}]}<\/script>\n<!-- \/ Yoast SEO plugin. -->","yoast_head_json":{"title":"Danke - Watertaxi Hoorn","robots":{"index":"noindex","follow":"follow"},"og_locale":"de_DE","og_type":"article","og_title":"Danke - Watertaxi Hoorn","og_description":"Vielen Dank f\u00fcr Ihre Reservierung! Wir freuen uns schon darauf, Ihnen und Ihren G\u00e4sten ein sch\u00f6nes Erlebnis auf dem Wasser zu bereiten! Wenn Sie f\u00fcr einen Tag reservieren m\u00f6chten, rufen Sie bitte an. Die Reservierung ist best\u00e4tigt, wenn Sie eine E-Mail von uns erhalten haben.","og_url":"https:\/\/watertaxihoorn.nl\/de\/danke\/","og_site_name":"Watertaxi Hoorn","article_publisher":"https:\/\/www.facebook.com\/rondvaarten","article_modified_time":"2025-01-30T12:11:44+00:00","og_image":[{"width":2560,"height":1707,"url":"https:\/\/watertaxihoorn.nl\/wp-content\/uploads\/Rondvaart-Hoorn-1-scaled.jpg","type":"image\/jpeg"}],"twitter_card":"summary_large_image","schema":{"@context":"https:\/\/schema.org","@graph":[{"@type":"WebPage","@id":"https:\/\/watertaxihoorn.nl\/de\/danke\/","url":"https:\/\/watertaxihoorn.nl\/de\/danke\/","name":"Danke - Watertaxi Hoorn","isPartOf":{"@id":"https:\/\/watertaxihoorn.nl\/de\/#website"},"datePublished":"2022-04-22T08:57:16+00:00","dateModified":"2025-01-30T12:11:44+00:00","breadcrumb":{"@id":"https:\/\/watertaxihoorn.nl\/de\/danke\/#breadcrumb"},"inLanguage":"de","potentialAction":[{"@type":"ReadAction","target":["https:\/\/watertaxihoorn.nl\/de\/danke\/"]}]},{"@type":"BreadcrumbList","@id":"https:\/\/watertaxihoorn.nl\/de\/danke\/#breadcrumb","itemListElement":[{"@type":"ListItem","position":1,"name":"Home","item":"https:\/\/watertaxihoorn.nl\/de\/wassertaxi-hoorn\/"},{"@type":"ListItem","position":2,"name":"Danke"}]},{"@type":"WebSite","@id":"https:\/\/watertaxihoorn.nl\/de\/#website","url":"https:\/\/watertaxihoorn.nl\/de\/","name":"Watertaxi Hoorn","description":"De leukste rondvaart in Hoorn maak je met Watertaxi Hoorn!","publisher":{"@id":"https:\/\/watertaxihoorn.nl\/de\/#organization"},"alternateName":"Rondvaart Hoorn","potentialAction":[{"@type":"SearchAction","target":{"@type":"EntryPoint","urlTemplate":"https:\/\/watertaxihoorn.nl\/de\/?s={search_term_string}"},"query-input":{"@type":"PropertyValueSpecification","valueRequired":true,"valueName":"search_term_string"}}],"inLanguage":"de"},{"@type":"Organization","@id":"https:\/\/watertaxihoorn.nl\/de\/#organization","name":"Watertaxi Hoorn","url":"https:\/\/watertaxihoorn.nl\/de\/","logo":{"@type":"ImageObject","inLanguage":"de","@id":"https:\/\/watertaxihoorn.nl\/de\/#\/schema\/logo\/image\/","url":"https:\/\/watertaxihoorn.nl\/wp-content\/uploads\/watertaxihoorn.png","contentUrl":"https:\/\/watertaxihoorn.nl\/wp-content\/uploads\/watertaxihoorn.png","width":112,"height":100,"caption":"Watertaxi Hoorn"},"image":{"@id":"https:\/\/watertaxihoorn.nl\/de\/#\/schema\/logo\/image\/"},"sameAs":["https:\/\/www.facebook.com\/rondvaarten"]}]}},"_links":{"self":[{"href":"https:\/\/watertaxihoorn.nl\/de\/wp-json\/wp\/v2\/pages\/1366","targetHints":{"allow":["GET"]}}],"collection":[{"href":"https:\/\/watertaxihoorn.nl\/de\/wp-json\/wp\/v2\/pages"}],"about":[{"href":"https:\/\/watertaxihoorn.nl\/de\/wp-json\/wp\/v2\/types\/page"}],"author":[{"embeddable":true,"href":"https:\/\/watertaxihoorn.nl\/de\/wp-json\/wp\/v2\/users\/1"}],"replies":[{"embeddable":true,"href":"https:\/\/watertaxihoorn.nl\/de\/wp-json\/wp\/v2\/comments?post=1366"}],"version-history":[{"count":1,"href":"https:\/\/watertaxihoorn.nl\/de\/wp-json\/wp\/v2\/pages\/1366\/revisions"}],"predecessor-version":[{"id":2103,"href":"https:\/\/watertaxihoorn.nl\/de\/wp-json\/wp\/v2\/pages\/1366\/revisions\/2103"}],"wp:attachment":[{"href":"https:\/\/watertaxihoorn.nl\/de\/wp-json\/wp\/v2\/media?parent=1366"}],"curies":[{"name":"wp","href":"https:\/\/api.w.org\/{rel}","templated":true}]}}